{"id":27,"date":"2018-04-10T09:39:20","date_gmt":"2018-04-10T09:39:20","guid":{"rendered":"http:\/\/harmoniatrade.hu\/?page_id=27"},"modified":"2023-11-10T09:27:58","modified_gmt":"2023-11-10T09:27:58","slug":"ceginformaco","status":"publish","type":"page","link":"https:\/\/harmoniatrade.hu\/?page_id=27","title":{"rendered":"C\u00e9ginform\u00e1c\u00f3"},"content":{"rendered":"\n<p>A Harm\u00f3nia Trade Kft. 2002 m\u00e1rcius\u00e1ban alakult mint a KissB c\u00e9gcsoport egyik tagja.<br>A v\u00e1llalkoz\u00e1s f\u0151 tev\u00e9kenys\u00e9ge a vend\u00e9gl\u00e1t\u00e1son k\u00edv\u00fcl a h\u00fas feldolgoz\u00e1s \u00e9s h\u00fas alap\u00fa min\u0151s\u00e9gi term\u00e9kek gy\u00e1rt\u00e1sa.<br>A gy\u00e1rt\u00e1shoz minden olyan modern m\u0171szaki \u00e9s szakmai felt\u00e9tel adott amely a min\u0151s\u00e9gi term\u00e9kek elk\u00e9sz\u00edt\u00e9s\u00e9hez sz\u00fcks\u00e9ges.<br>A h\u00fas\u00fczem sokkal ink\u00e1bb manufaktur\u00e1lis elven m\u0171k\u00f6dik, figyelembe v\u00e9ve a helyi tradicion\u00e1lis \u00e9rt\u00e9k rendeket.<br>Az Itteni m\u00e1rka n\u00e9ven fut\u00f3 h\u00fas alap\u00fa term\u00e9kek (kolb\u00e1sz, szalonna, szal\u00e1mi) a V\u00e1s\u00e1rosnam\u00e9nyi helyi \u00edzvil\u00e1g szerint k\u00e9sz\u00fcl.<br>Fogyassza eg\u00e9szs\u00e9ggel a Bereg Sz\u00edve term\u00e9keit! \u00dagy k\u00e9sz\u00edtj\u00fck, ahogy mi szeretj\u00fck!<\/p>\n","protected":false},"excerpt":{"rendered":"<p>A Harm\u00f3nia Trade Kft. 2002 m\u00e1rcius\u00e1ban alakult mint a KissB c\u00e9gcsoport egyik tagja.A v\u00e1llalkoz\u00e1s f\u0151 tev\u00e9kenys\u00e9ge a vend\u00e9gl\u00e1t\u00e1son k\u00edv\u00fcl a h\u00fas feldolgoz\u00e1s \u00e9s h\u00fas alap\u00fa min\u0151s\u00e9gi term\u00e9kek gy\u00e1rt\u00e1sa.A gy\u00e1rt\u00e1shoz minden olyan modern m\u0171szaki \u00e9s szakmai felt\u00e9tel adott amely a min\u0151s\u00e9gi &hellip; <a href=\"https:\/\/harmoniatrade.hu\/?page_id=27\">Egy kattint\u00e1s ide a folytat\u00e1shoz&#8230;. <span class=\"meta-nav\">&rarr;<\/span><\/a><\/p>\n","protected":false},"author":1,"featured_media":0,"parent":0,"menu_order":0,"comment_status":"closed","ping_status":"closed","template":"","meta":{"footnotes":""},"class_list":["post-27","page","type-page","status-publish","hentry"],"_links":{"self":[{"href":"https:\/\/harmoniatrade.hu\/index.php?rest_route=\/wp\/v2\/pages\/27","targetHints":{"allow":["GET"]}}],"collection":[{"href":"https:\/\/harmoniatrade.hu\/index.php?rest_route=\/wp\/v2\/pages"}],"about":[{"href":"https:\/\/harmoniatrade.hu\/index.php?rest_route=\/wp\/v2\/types\/page"}],"author":[{"embeddable":true,"href":"https:\/\/harmoniatrade.hu\/index.php?rest_route=\/wp\/v2\/users\/1"}],"replies":[{"embeddable":true,"href":"https:\/\/harmoniatrade.hu\/index.php?rest_route=%2Fwp%2Fv2%2Fcomments&post=27"}],"version-history":[{"count":3,"href":"https:\/\/harmoniatrade.hu\/index.php?rest_route=\/wp\/v2\/pages\/27\/revisions"}],"predecessor-version":[{"id":91,"href":"https:\/\/harmoniatrade.hu\/index.php?rest_route=\/wp\/v2\/pages\/27\/revisions\/91"}],"wp:attachment":[{"href":"https:\/\/harmoniatrade.hu\/index.php?rest_route=%2Fwp%2Fv2%2Fmedia&parent=27"}],"curies":[{"name":"wp","href":"https:\/\/api.w.org\/{rel}","templated":true}]}}